{"id":833,"date":"2025-02-10T17:36:38","date_gmt":"2025-02-10T16:36:38","guid":{"rendered":"https:\/\/sabinolegal.ch\/home\/"},"modified":"2025-11-13T17:32:30","modified_gmt":"2025-11-13T16:32:30","slug":"home","status":"publish","type":"page","link":"https:\/\/sabinolegal.ch\/de\/","title":{"rendered":"Home"},"content":{"rendered":"<div class=\"wp-block-uagb-container uagb-block-fe83ce66 alignfull uagb-is-root-container\"><div class=\"uagb-container-inner-blocks-wrap\">\n<div class=\"wp-block-uagb-info-box uagb-block-701661e2 uagb-infobox__content-wrap  uagb-infobox-icon-above-title uagb-infobox-image-valign-top wp-block-uagb-info-box--has-margin\"><div class=\"uagb-infobox-margin-wrapper\"><div class=\"uagb-ifb-content\"><div class=\"uagb-ifb-title-wrap\"><h1 class=\"uagb-ifb-title\"><mark style=\"background-color:var(--ast-global-color-0)\" class=\"has-inline-color has-ast-global-color-4-color\">Anwaltskanzlei<\/mark><mark style=\"background-color:rgba(0, 0, 0, 0)\" class=\"has-inline-color has-ast-global-color-4-color\"><br><\/mark><strong>Fabio Sabino<\/strong><\/h1><\/div><p class=\"uagb-ifb-desc\"><br>Hohe Professionalit\u00e4t und Zuverl\u00e4ssigkeit in der Rechtsberatung<br>Esperienza, competenza e attenzione ai tuoi interessi<\/p><div class=\"uagb-ifb-button-wrapper wp-block-button\"><a href=\"https:\/\/sabinolegal.ch\/de\/servizi\/\" class=\"uagb-infobox-cta-link wp-block-button__link\" target=\"_self\" rel=\"noopener noreferrer\" onclick=\"return true;\"><span class=\"uagb-inline-editing\">Dienstleistungen<\/span><\/a><\/div><\/div><\/div><\/div>\n<\/div><\/div>\n\n\n\n<div class=\"wp-block-uagb-container uagb-block-eixllmcd alignfull uagb-is-root-container\"><div class=\"uagb-container-inner-blocks-wrap\">\n<div class=\"wp-block-uagb-info-box uagb-block-5idpyrce uagb-infobox__content-wrap  uagb-infobox-icon-above-title uagb-infobox-image-valign-top\"><div class=\"uagb-ifb-content\"><div class=\"uagb-ifb-title-wrap\"><h4 class=\"uagb-ifb-title-prefix\"><strong><br>Rechtsberatung f\u00fcr Privatpersonen und Unternehmen \u2013 mit Erfahrung und Fachwissen<\/strong><\/h4><h2 class=\"uagb-ifb-title\"><strong>Unsere Leistungen<\/strong><\/h2><\/div><p class=\"uagb-ifb-desc\"><br>Die Anwaltskanzlei Fabio Sabino bietet rechtliche Beratung und Unterst\u00fctzung mit einem Ansatz, der auf Professionalit\u00e4t, Pr\u00e4zision, Verl\u00e4sslichkeit und L\u00f6sungsorientierung basiert. Mit \u00fcber zwanzig Jahren Erfahrung begleiten wir Privatpersonen, Unternehmen und Finanzintermedi\u00e4re bei der Bearbeitung rechtlicher Fragestellungen, unter anderem in den Bereichen  Zivilrecht, Verwaltungsrecht, Inkasso, Prozessf\u00fchrung, Verm\u00f6gensplanung und Compliance.<\/p><\/div><\/div>\n\n\n\n<h2 class=\"wp-block-heading has-text-align-center\"><\/h2>\n\n\n\n<div class=\"wp-block-uagb-container uagb-block-zfknbgdu\">\n<div class=\"wp-block-uagb-container uagb-block-cl6gxkin\">\n<div class=\"wp-block-uagb-info-box uagb-block-bfht7y3g uagb-infobox__content-wrap  uagb-infobox-icon-above-title uagb-infobox-image-valign-top\"><div class=\"uagb-ifb-content\"><div class=\"uagb-ifb-title-wrap\"><h3 class=\"uagb-ifb-title\"><strong>Compliance &amp; Regulatory<\/strong><\/h3><\/div><p class=\"uagb-ifb-desc\">Wir bieten spezialisierte Rechtsberatung im Bereich der Finanzmarktregulierung, Compliance und Geldw\u00e4schereibek\u00e4mpfung (AML). Wir unterst\u00fctzen Finanzintermedi\u00e4re, Unternehmen und Privatpersonen bei der Einhaltung regulatorischer Vorgaben, bei der Errichtung und Bewilligung von Finanzstrukturen und Anlagefonds, bei der Angebotserstellung und dem Vertrieb von Finanzprodukten und -dienstleistungen sowie bei Fundraising-Aktivit\u00e4ten. Wir gew\u00e4hrleisten eine qualifizierte rechtliche Begleitung f\u00fcr eine sichere und rechtskonforme Gesch\u00e4ftst\u00e4tigkeit.<\/p><\/div><\/div>\n<\/div>\n\n\n\n<div class=\"wp-block-uagb-container uagb-block-l3cfxxzz\">\n<div class=\"wp-block-uagb-info-box uagb-block-u46bw7dq uagb-infobox__content-wrap  uagb-infobox-icon-above-title uagb-infobox-image-valign-top\"><div class=\"uagb-ifb-content\"><div class=\"uagb-ifb-title-wrap\"><h3 class=\"uagb-ifb-title\"><strong>Familie &amp; Verm\u00f6gen<\/strong><\/h3><\/div><p class=\"uagb-ifb-desc\">Wir unterst\u00fctzen Privatpersonen und Familien bei der Bew\u00e4ltigung familienrechtlicher Fragen sowie beim Schutz und der nachhaltigen Entwicklung ihres Verm\u00f6gens durch individuelle Strategien. Wir bieten rechtliche Beratung in den Bereichen Verm\u00f6gens- und Nachlassplanung, Trust-Verwaltung sowie steuerliche und vorsorgerechtliche Optimierung. Wir gew\u00e4hrleisten Kontinuit\u00e4t, Schutz und Sicherheit bei der \u00dcbertragung von Verm\u00f6genswerten auf k\u00fcnftige Generationen.<\/p><\/div><\/div>\n<\/div>\n\n\n\n<div class=\"wp-block-uagb-container uagb-block-kmdzoldo\">\n<div class=\"wp-block-uagb-info-box uagb-block-2qfn0apg uagb-infobox__content-wrap  uagb-infobox-icon-above-title uagb-infobox-image-valign-top\"><div class=\"uagb-ifb-content\"><div class=\"uagb-ifb-title-wrap\"><h3 class=\"uagb-ifb-title\"><strong>Prozessf\u00fchrung &amp; Streitbeilegung<\/strong><\/h3><\/div><p class=\"uagb-ifb-desc\">Wir bieten rechtliche Unterst\u00fctzung bei zivil- und verwaltungsrechtlichen Streitigkeiten, mit besonderer Erfahrung im Verwaltungsrecht, Zivilrecht, Finanzrecht, Bankrecht und Handelsrecht. Wir vertreten unsere Mandanten in Konkursverfahren, bei der Forderungseintreibung, im Arbeitsrecht sowie in immobilienrechtlichen Streitigkeiten, insbesondere im Zusammenhang mit Mietverh\u00e4ltnissen, Raumplanung und Kurzzeitvermietungen. Unser Ziel ist es, eine solide und l\u00f6sungsorientierte rechtliche Begleitung zu gew\u00e4hrleisten, um Streitigkeiten effizient und nachhaltig beizulegen.<br><br><\/p><\/div><\/div>\n<\/div>\n<\/div>\n<\/div><\/div>\n\n\n\n<div class=\"wp-block-uagb-container uagb-block-d0290fb1 alignfull uagb-is-root-container\"><div class=\"uagb-container-inner-blocks-wrap\">\n<div class=\"wp-block-uagb-info-box uagb-block-43642cab uagb-infobox__content-wrap  uagb-infobox-icon-above-title uagb-infobox-image-valign-top wp-block-uagb-info-box--has-margin\"><div class=\"uagb-infobox-margin-wrapper\"><div class=\"uagb-ifb-content\"><div class=\"uagb-ifb-title-wrap\"><h2 class=\"uagb-ifb-title\"><strong>Wir begleiten Sie bei Ihren wichtigsten rechtlichen Entscheidungen.<\/strong><\/h2><\/div><p class=\"uagb-ifb-desc\">Chi si affida allo&nbsp;<strong>Wer sich an die <strong>Anwaltskanzlei Fabio Sabino<\/strong> wendet, kann auf eine erstklassige Rechtsberatung z\u00e4hlen \u2013 stets ausgerichtet auf den Schutz seiner Interessen.<\/strong>&nbsp;sa di poter contare su un servizio di consulenza legale di eccellenza, orientato alla protezione dei propri interessi.<\/p><div class=\"uagb-ifb-button-wrapper wp-block-button\"><a href=\"https:\/\/sabinolegal.ch\/de\/contatti\/\" class=\"uagb-infobox-cta-link wp-block-button__link\" target=\"_self\" rel=\"noopener noreferrer\" onclick=\"return true;\"><span class=\"uagb-inline-editing\">Termin vereinbaren<\/span><\/a><\/div><\/div><\/div><\/div>\n<\/div><\/div>\n\n\n\n<p><\/p>","protected":false},"excerpt":{"rendered":"","protected":false},"author":1,"featured_media":0,"parent":0,"menu_order":0,"comment_status":"closed","ping_status":"closed","template":"","meta":{"_uag_custom_page_level_css":"mark {\n\tpadding: 10px 0;\n}","site-sidebar-layout":"no-sidebar","site-content-layout":"plain-container","ast-site-content-layout":"normal-width-container","site-content-style":"unboxed","site-sidebar-style":"unboxed","ast-global-header-display":"","ast-banner-title-visibility":"","ast-main-header-display":"","ast-hfb-above-header-display":"","ast-hfb-below-header-display":"","ast-hfb-mobile-header-display":"","site-post-title":"disabled","ast-breadcrumbs-content":"","ast-featured-img":"disabled","footer-sml-layout":"","theme-transparent-header-meta":"disabled","adv-header-id-meta":"","stick-header-meta":"","header-above-stick-meta":"","header-main-stick-meta":"","header-below-stick-meta":"","astra-migrate-meta-layouts":"set","ast-page-background-enabled":"default","ast-page-background-meta":{"desktop":{"background-color":"var(--ast-global-color-4)","background-image":"","background-repeat":"repeat","background-position":"center center","background-size":"auto","background-attachment":"scroll","background-type":"","background-media":"","overlay-type":"","overlay-color":"","overlay-opacity":"","overlay-gradient":""},"tablet":{"background-color":"","background-image":"","background-repeat":"repeat","background-position":"center center","background-size":"auto","background-attachment":"scroll","background-type":"","background-media":"","overlay-type":"","overlay-color":"","overlay-opacity":"","overlay-gradient":""},"mobile":{"background-color":"","background-image":"","background-repeat":"repeat","background-position":"center center","background-size":"auto","background-attachment":"scroll","background-type":"","background-media":"","overlay-type":"","overlay-color":"","overlay-opacity":"","overlay-gradient":""}},"ast-content-background-meta":{"desktop":{"background-color":"var(--ast-global-color-5)","background-image":"","background-repeat":"repeat","background-position":"center center","background-size":"auto","background-attachment":"scroll","background-type":"","background-media":"","overlay-type":"","overlay-color":"","overlay-opacity":"","overlay-gradient":""},"tablet":{"background-color":"var(--ast-global-color-5)","background-image":"","background-repeat":"repeat","background-position":"center center","background-size":"auto","background-attachment":"scroll","background-type":"","background-media":"","overlay-type":"","overlay-color":"","overlay-opacity":"","overlay-gradient":""},"mobile":{"background-color":"var(--ast-global-color-5)","background-image":"","background-repeat":"repeat","background-position":"center center","background-size":"auto","background-attachment":"scroll","background-type":"","background-media":"","overlay-type":"","overlay-color":"","overlay-opacity":"","overlay-gradient":""}},"footnotes":""},"class_list":["post-833","page","type-page","status-publish","hentry"],"uagb_featured_image_src":{"full":false,"thumbnail":false,"medium":false,"medium_large":false,"large":false,"1536x1536":false,"2048x2048":false,"trp-custom-language-flag":false},"uagb_author_info":{"display_name":"nextadmin","author_link":"https:\/\/sabinolegal.ch\/de\/author\/nextadmin\/"},"uagb_comment_info":0,"uagb_excerpt":null,"_links":{"self":[{"href":"https:\/\/sabinolegal.ch\/de\/wp-json\/wp\/v2\/pages\/833","targetHints":{"allow":["GET"]}}],"collection":[{"href":"https:\/\/sabinolegal.ch\/de\/wp-json\/wp\/v2\/pages"}],"about":[{"href":"https:\/\/sabinolegal.ch\/de\/wp-json\/wp\/v2\/types\/page"}],"author":[{"embeddable":true,"href":"https:\/\/sabinolegal.ch\/de\/wp-json\/wp\/v2\/users\/1"}],"replies":[{"embeddable":true,"href":"https:\/\/sabinolegal.ch\/de\/wp-json\/wp\/v2\/comments?post=833"}],"version-history":[{"count":8,"href":"https:\/\/sabinolegal.ch\/de\/wp-json\/wp\/v2\/pages\/833\/revisions"}],"predecessor-version":[{"id":2514,"href":"https:\/\/sabinolegal.ch\/de\/wp-json\/wp\/v2\/pages\/833\/revisions\/2514"}],"wp:attachment":[{"href":"https:\/\/sabinolegal.ch\/de\/wp-json\/wp\/v2\/media?parent=833"}],"curies":[{"name":"wp","href":"https:\/\/api.w.org\/{rel}","templated":true}]}}