{"id":834,"date":"2025-02-10T17:36:39","date_gmt":"2025-02-10T16:36:39","guid":{"rendered":"https:\/\/sabinolegal.ch\/about-us\/"},"modified":"2025-05-14T15:13:51","modified_gmt":"2025-05-14T15:13:51","slug":"about-us","status":"publish","type":"page","link":"https:\/\/sabinolegal.ch\/de\/about-us\/","title":{"rendered":"\u00dcber uns"},"content":{"rendered":"<div class=\"wp-block-uagb-container uagb-block-b7d9dbc5 alignfull uagb-is-root-container\"><div class=\"uagb-container-inner-blocks-wrap\">\n<div class=\"wp-block-uagb-info-box uagb-block-648a2585 uagb-infobox__content-wrap  uagb-infobox-icon-above-title uagb-infobox-image-valign-top\"><div class=\"uagb-ifb-content\"><div class=\"uagb-ifb-title-wrap\"><div class=\"uagb-ifb-separator\"><\/div><h1 class=\"uagb-ifb-title\"><strong>Wer wir sind<\/strong><\/h1><\/div><p class=\"uagb-ifb-desc\">Wir bieten rechtliche Beratung und Unterst\u00fctzung mit einem strategischen, praxisorientierten und ergebnisfokussierten Ansatz. Erfahren Sie mehr \u00fcber uns, die Werte, die unsere Arbeit leiten, und unser Engagement f\u00fcr zuverl\u00e4ssige, effektive und qualitativ hochwertige Rechtsl\u00f6sungen.<\/p><\/div><\/div>\n<\/div><\/div>\n\n\n\n<div class=\"wp-block-uagb-container uagb-block-ksuwmype alignfull uagb-is-root-container\"><div class=\"uagb-container-inner-blocks-wrap\">\n<figure class=\"wp-block-image size-full has-custom-border\"><img loading=\"lazy\" decoding=\"async\" width=\"720\" height=\"900\" src=\"https:\/\/sabinolegal.ch\/wp-content\/uploads\/2025\/05\/Sabino_2025_w.jpg\" alt=\"\" class=\"wp-image-2472\" style=\"border-radius:6px\" srcset=\"https:\/\/sabinolegal.ch\/wp-content\/uploads\/2025\/05\/Sabino_2025_w.jpg 720w, https:\/\/sabinolegal.ch\/wp-content\/uploads\/2025\/05\/Sabino_2025_w-240x300.jpg 240w, https:\/\/sabinolegal.ch\/wp-content\/uploads\/2025\/05\/Sabino_2025_w-10x12.jpg 10w\" sizes=\"auto, (max-width: 720px) 100vw, 720px\" \/><\/figure>\n\n\n\n<div class=\"wp-block-uagb-container uagb-block-xtyisyfy\">\n<div class=\"wp-block-uagb-info-box uagb-block-di0y8naq uagb-infobox__content-wrap  uagb-infobox-icon-above-title uagb-infobox-image-valign-top wp-block-uagb-info-box--has-margin\"><div class=\"uagb-infobox-margin-wrapper\"><div class=\"uagb-ifb-content\"><div class=\"uagb-ifb-title-wrap\"><p class=\"uagb-ifb-title-prefix\">\u00dcber mich<\/p><h2 class=\"uagb-ifb-title\">RA Fabio Sabino<\/h2><\/div><p class=\"uagb-ifb-desc\"><strong>Rechtsanwalt mit einem Jurastudium an der Universit\u00e4t Bern und einer Spezialisierung im Finanz- und Verm\u00f6gensrecht&nbsp;<\/strong>(LL.M. in Banking &amp; Finance) an der Universit\u00e4t Genf. Ich verf\u00fcge \u00fcber mehr als zwanzig Jahre Erfahrung in der Rechtsberatung mit besonderem Schwerpunkt auf zivil- und verwaltungsrechtliche Streitigkeiten sowie auf Zwangsvollstreckungs- und Konkursverfahren, Finanz(markt)recht und Compliance.<br><br>Ich habe Verantwortungsfunktionen bei der Eidgen\u00f6ssischen Finanzmarktaufsicht (FINMA), in einer internationalen Bank und in der Leitung von Finanzintermedi\u00e4ren und Trustees \u00fcbernommen. Zudem habe ich zahlreiche Konkursverfahren im Auftrag der Aufsichtsbeh\u00f6rde durchgef\u00fchrt.<br><br>Ich bin Dozent in verschiedenen Fachkursen am Centro Studi Villa Negroni, insbesondere in den Bereichen Bankrecht, Finanzrecht und Compliance.<br><br>Meine T\u00e4tigkeitsbereiche umfassen:<\/p><\/div><\/div><\/div>\n\n\n\n<ul class=\"wp-block-list\">\n<li>Zivil- und verwaltungsrechtliche Streitigkeiten.<\/li>\n\n\n\n<li>Inkasso und Konkursverfahren, einschlie\u00dflich der Durchf\u00fchrung im Auftrag der Beh\u00f6rde.<\/li>\n\n\n\n<li>Handelsrecht und Vertragsrecht auf nationaler und internationaler Ebene.<\/li>\n\n\n\n<li>Familienrecht.<\/li>\n\n\n\n<li>Verm\u00f6gens-, Erb- und Vorsorgeplanung, mit umfassender Erfahrung in der Verwaltung von Trusts.<\/li>\n\n\n\n<li>Bau- und Immobilienrecht, einschlie\u00dflich Kurzzeitvermietungen.<\/li>\n\n\n\n<li>Rechtsberatung und Vertretung in finanzrechtlichen, regulatorischen und geldw\u00e4schereirechtlichen (AML) Angelegenheiten.<\/li>\n<\/ul>\n\n\n\n<p>Ich setze mich daf\u00fcr ein, praxisnahe und qualitativ hochwertige Rechtsl\u00f6sungen anzubieten, gest\u00fctzt auf fundierte rechtliche Kenntnisse und stets ausgerichtet auf die Ziele meiner Mandanten.<\/p>\n\n\n\n<div class=\"wp-block-uagb-buttons uagb-buttons__outer-wrap uagb-btn__default-btn uagb-btn-tablet__default-btn uagb-btn-mobile__default-btn uagb-block-3bqngdhd\"><div class=\"uagb-buttons__wrap uagb-buttons-layout-wrap\">\n<div class=\"wp-block-uagb-buttons-child uagb-buttons__outer-wrap uagb-block-fsqkd7ez wp-block-button\"><div class=\"uagb-button__wrapper\"><a class=\"uagb-buttons-repeater ast-outline-button\" aria-label=\"\" style=\"border-width:revert-layer\" href=\"https:\/\/sabinolegal.ch\/de\/contatti\/\" rel=\"follow noopener\" target=\"_self\" role=\"button\"><div class=\"uagb-button__link\">Kontaktieren Sie mich<\/div><\/a><\/div><\/div>\n<\/div><\/div>\n<\/div>\n<\/div><\/div>\n\n\n\n<div class=\"wp-block-uagb-container uagb-block-htnon2fo alignfull uagb-is-root-container\"><div class=\"uagb-container-inner-blocks-wrap\">\n<div class=\"wp-block-uagb-container uagb-block-6dtwq9l4\">\n<div class=\"wp-block-uagb-info-box uagb-block-qb58p3lg uagb-infobox__content-wrap  uagb-infobox-icon-above-title uagb-infobox-image-valign-top\"><div class=\"uagb-ifb-content\"><div class=\"uagb-ifb-title-wrap\"><h2 class=\"uagb-ifb-title\">Warum Sie sich f\u00fcr unsere Kanzlei entscheiden sollten<\/h2><\/div><\/div><\/div>\n<\/div>\n\n\n\n<div class=\"wp-block-uagb-container uagb-block-kpm6gw03\">\n<div class=\"wp-block-uagb-container uagb-block-cavudwtn\">\n<div class=\"wp-block-uagb-info-box uagb-block-5loijexm uagb-infobox__content-wrap  uagb-infobox-icon-above-title uagb-infobox-image-valign-top\"><div class=\"uagb-ifb-content\"><div class=\"uagb-ifb-title-wrap\"><p class=\"uagb-ifb-title-prefix\">01<\/p><h3 class=\"uagb-ifb-title\"><strong>Kompetenz aus der Praxis<\/strong><\/h3><\/div><p class=\"uagb-ifb-desc\">Wir bieten unseren Mandanten mehr als zwanzig Jahre juristische Erfahrung auf h\u00f6chstem Niveau, erworben in komplexen und regulierten Kontexten wie der FINMA, Banken und Trustees, mit einer starken Spezialisierung im Zivil-, Verwaltungs- und Finanzrecht, im Prozesswesen, in der Verm\u00f6gensplanung und im Inkasso. Diese Erfahrung erm\u00f6glicht es uns, sowohl Privatpersonen als auch Unternehmen eine qualitativ hochwertige, umfassende und verl\u00e4ssliche Rechtsberatung zu bieten.<\/p><\/div><\/div>\n<\/div>\n\n\n\n<div class=\"wp-block-uagb-container uagb-block-9mmzye0s\">\n<div class=\"wp-block-uagb-info-box uagb-block-99dxhnpf uagb-infobox__content-wrap  uagb-infobox-icon-above-title uagb-infobox-image-valign-top\"><div class=\"uagb-ifb-content\"><div class=\"uagb-ifb-title-wrap\"><p class=\"uagb-ifb-title-prefix\">02<\/p><h3 class=\"uagb-ifb-title\"><strong>Konkreter Ansatz und Fokus auf die Bed\u00fcrfnisse des Mandanten<\/strong><\/h3><\/div><p class=\"uagb-ifb-desc\">Jeder Mandant ist einzigartig und ben\u00f6tigt ma\u00dfgeschneiderte rechtliche L\u00f6sungen, um komplexe Fragestellungen wirksam und pragmatisch zu bew\u00e4ltigen. Wir verbinden hohe fachliche Kompetenz mit einem l\u00f6sungsorientierten, praxisnahen Ansatz. Wir bieten pr\u00e4zise und effiziente Rechtsl\u00f6sungen \u2013 ohne unn\u00f6tige Komplikationen und stets abgestimmt auf die realen Ziele unserer Mandanten.<\/p><\/div><\/div>\n<\/div>\n\n\n\n<div class=\"wp-block-uagb-container uagb-block-n71ykrut\">\n<div class=\"wp-block-uagb-info-box uagb-block-m98sc5vs uagb-infobox__content-wrap  uagb-infobox-icon-above-title uagb-infobox-image-valign-top\"><div class=\"uagb-ifb-content\"><div class=\"uagb-ifb-title-wrap\"><p class=\"uagb-ifb-title-prefix\">03<\/p><h3 class=\"uagb-ifb-title\"><strong>Zuverl\u00e4ssigkeit, Qualit\u00e4t und Verf\u00fcgbarkeit<\/strong><\/h3><\/div><p class=\"uagb-ifb-desc\">Unsere Mandanten wissen, dass sie sich auf eine seri\u00f6se, professionelle und stets erreichbare Kanzlei verlassen k\u00f6nnen. Wir bearbeiten jedes Mandat mit h\u00f6chster Sorgfalt, gew\u00e4hrleisten Kontinuit\u00e4t, Vertraulichkeit und gr\u00f6\u00dfte Aufmerksamkeit bei der Betreuung ihrer rechtlichen Anliegen.<\/p><\/div><\/div>\n<\/div>\n<\/div>\n<\/div><\/div>","protected":false},"excerpt":{"rendered":"<p>Ich setze mich daf\u00fcr ein, praxisnahe und qualitativ hochwertige Rechtsl\u00f6sungen anzubieten, gest\u00fctzt auf fundierte rechtliche Kenntnisse und stets ausgerichtet auf die Ziele meiner Mandanten.<\/p>","protected":false},"author":1,"featured_media":0,"parent":0,"menu_order":0,"comment_status":"closed","ping_status":"closed","template":"","meta":{"_uag_custom_page_level_css":"","site-sidebar-layout":"no-sidebar","site-content-layout":"plain-container","ast-site-content-layout":"normal-width-container","site-content-style":"unboxed","site-sidebar-style":"unboxed","ast-global-header-display":"","ast-banner-title-visibility":"","ast-main-header-display":"","ast-hfb-above-header-display":"","ast-hfb-below-header-display":"","ast-hfb-mobile-header-display":"","site-post-title":"disabled","ast-breadcrumbs-content":"","ast-featured-img":"disabled","footer-sml-layout":"","theme-transparent-header-meta":"disabled","adv-header-id-meta":"","stick-header-meta":"","header-above-stick-meta":"","header-main-stick-meta":"","header-below-stick-meta":"","astra-migrate-meta-layouts":"set","ast-page-background-enabled":"default","ast-page-background-meta":{"desktop":{"background-color":"var(--ast-global-color-4)","background-image":"","background-repeat":"repeat","background-position":"center center","background-size":"auto","background-attachment":"scroll","background-type":"","background-media":"","overlay-type":"","overlay-color":"","overlay-opacity":"","overlay-gradient":""},"tablet":{"background-color":"","background-image":"","background-repeat":"repeat","background-position":"center center","background-size":"auto","background-attachment":"scroll","background-type":"","background-media":"","overlay-type":"","overlay-color":"","overlay-opacity":"","overlay-gradient":""},"mobile":{"background-color":"","background-image":"","background-repeat":"repeat","background-position":"center center","background-size":"auto","background-attachment":"scroll","background-type":"","background-media":"","overlay-type":"","overlay-color":"","overlay-opacity":"","overlay-gradient":""}},"ast-content-background-meta":{"desktop":{"background-color":"var(--ast-global-color-5)","background-image":"","background-repeat":"repeat","background-position":"center center","background-size":"auto","background-attachment":"scroll","background-type":"","background-media":"","overlay-type":"","overlay-color":"","overlay-opacity":"","overlay-gradient":""},"tablet":{"background-color":"var(--ast-global-color-5)","background-image":"","background-repeat":"repeat","background-position":"center center","background-size":"auto","background-attachment":"scroll","background-type":"","background-media":"","overlay-type":"","overlay-color":"","overlay-opacity":"","overlay-gradient":""},"mobile":{"background-color":"var(--ast-global-color-5)","background-image":"","background-repeat":"repeat","background-position":"center center","background-size":"auto","background-attachment":"scroll","background-type":"","background-media":"","overlay-type":"","overlay-color":"","overlay-opacity":"","overlay-gradient":""}},"footnotes":""},"class_list":["post-834","page","type-page","status-publish","hentry"],"uagb_featured_image_src":{"full":false,"thumbnail":false,"medium":false,"medium_large":false,"large":false,"1536x1536":false,"2048x2048":false,"trp-custom-language-flag":false},"uagb_author_info":{"display_name":"nextadmin","author_link":"https:\/\/sabinolegal.ch\/de\/author\/nextadmin\/"},"uagb_comment_info":0,"uagb_excerpt":"Mi impegno a offrire soluzioni legali concrete e di alta qualit\u00e0, fondate su una solida preparazione normativa e sempre orientate agli obiettivi del cliente.","_links":{"self":[{"href":"https:\/\/sabinolegal.ch\/de\/wp-json\/wp\/v2\/pages\/834","targetHints":{"allow":["GET"]}}],"collection":[{"href":"https:\/\/sabinolegal.ch\/de\/wp-json\/wp\/v2\/pages"}],"about":[{"href":"https:\/\/sabinolegal.ch\/de\/wp-json\/wp\/v2\/types\/page"}],"author":[{"embeddable":true,"href":"https:\/\/sabinolegal.ch\/de\/wp-json\/wp\/v2\/users\/1"}],"replies":[{"embeddable":true,"href":"https:\/\/sabinolegal.ch\/de\/wp-json\/wp\/v2\/comments?post=834"}],"version-history":[{"count":8,"href":"https:\/\/sabinolegal.ch\/de\/wp-json\/wp\/v2\/pages\/834\/revisions"}],"predecessor-version":[{"id":2498,"href":"https:\/\/sabinolegal.ch\/de\/wp-json\/wp\/v2\/pages\/834\/revisions\/2498"}],"wp:attachment":[{"href":"https:\/\/sabinolegal.ch\/de\/wp-json\/wp\/v2\/media?parent=834"}],"curies":[{"name":"wp","href":"https:\/\/api.w.org\/{rel}","templated":true}]}}